{"id":1941,"date":"2024-11-10T21:21:55","date_gmt":"2024-11-10T20:21:55","guid":{"rendered":"https:\/\/neuzeitaerztin.de\/imprint\/"},"modified":"2025-09-17T05:55:33","modified_gmt":"2025-09-17T03:55:33","slug":"imprint","status":"publish","type":"page","link":"https:\/\/neuzeitaerztin.de\/en\/imprint\/","title":{"rendered":"Imprint"},"content":{"rendered":"<section  class='av_textblock_section av-m3c18h9c-957e0b38f0d117fd207d44f1b567a855 '   itemscope=\"itemscope\" itemtype=\"https:\/\/schema.org\/CreativeWork\" ><div class='avia_textblock'  itemprop=\"text\" ><h1>Impressum<\/h1>\n<p>Informationspflicht laut \u00a7 5 TMG.<\/p>\n<p>Neuzeit\u00e4rztin<br \/>\nBerlin, Deutschland<\/p>\n<p>Inhaberin: Dr. med. D\u00e9sir\u00e9e Schaumburg<\/p>\n<p><strong>E-Mail:<\/strong> <a href=\"mailto:info@neuzeitaerztin.de\">info@neuzeitaerztin.de<\/a><\/p>\n<p><strong>Berufsbezeichnung:<\/strong> \u00c4rztin und Coach<\/p>\n<h2>EU-Streitschlichtung<\/h2>\n<p>Gem\u00e4\u00df Verordnung \u00fcber Online-Streitbeilegung in Verbraucherangelegenheiten (ODR-Verordnung) m\u00f6chten wir Sie \u00fcber die Online-Streitbeilegungsplattform (OS-Plattform) informieren.<br \/>\nVerbraucher haben die M\u00f6glichkeit, Beschwerden an die Online Streitbeilegungsplattform der Europ\u00e4ischen Kommission unter <a href=\"\/portalweiterleitung\/europa\/\" target=\"_blank\" rel=\"noopener\">http:\/\/ec.europa.eu\/odr?tid=321175409<\/a> zu richten. Die daf\u00fcr notwendigen Kontaktdaten finden Sie oberhalb in unserem Impressum.<\/p>\n<p>Wir m\u00f6chten Sie jedoch darauf hinweisen, dass wir nicht bereit oder verpflichtet sind, an Streitbeilegungsverfahren vor einer Verbraucherschlichtungsstelle teilzunehmen.<\/p>\n<h2>Haftung f\u00fcr Inhalte dieser Website<\/h2>\n<p>Wir entwickeln die Inhalte dieser Webseite st\u00e4ndig weiter und bem\u00fchen uns korrekte und aktuelle Informationen bereitzustellen. Laut Telemediengesetz <a href=\"\/portalweiterleitung\/gesetze\/\" target=\"_blank\" rel=\"noopener\">(TMG) \u00a77 (1)<\/a> sind wir als Diensteanbieter f\u00fcr eigene Informationen, die wir zur Nutzung bereitstellen, nach den allgemeinen Gesetzen verantwortlich. Leider k\u00f6nnen wir keine Haftung f\u00fcr die Korrektheit aller Inhalte auf dieser Webseite \u00fcbernehmen, speziell f\u00fcr jene die seitens Dritter bereitgestellt wurden. Als Diensteanbieter im Sinne der \u00a7\u00a7 8 bis 10 sind wir nicht verpflichtet, die von ihnen \u00fcbermittelten oder gespeicherten Informationen zu \u00fcberwachen oder nach Umst\u00e4nden zu forschen, die auf eine rechtswidrige T\u00e4tigkeit hinweisen.<\/p>\n<p>Unsere Verpflichtungen zur Entfernung von Informationen oder zur Sperrung der Nutzung von Informationen nach den allgemeinen Gesetzen aufgrund von gerichtlichen oder beh\u00f6rdlichen Anordnungen bleiben auch im Falle unserer Nichtverantwortlichkeit nach den \u00a7\u00a7 8 bis 10 unber\u00fchrt.<\/p>\n<p>Sollten Ihnen problematische oder rechtswidrige Inhalte auffallen, bitte wir Sie uns umgehend zu kontaktieren, damit wir die rechtswidrigen Inhalte entfernen k\u00f6nnen. Sie finden die Kontaktdaten im Impressum.<\/p>\n<h2>Haftung f\u00fcr Links auf dieser Website<\/h2>\n<p>Unsere Webseite enth\u00e4lt Links zu anderen Webseiten f\u00fcr deren Inhalt wir nicht verantwortlich sind. Haftung f\u00fcr verlinkte Websites besteht f\u00fcr uns nicht, da wir keine Kenntnis rechtswidriger T\u00e4tigkeiten hatten und haben, uns solche Rechtswidrigkeiten auch bisher nicht aufgefallen sind und wir Links sofort entfernen w\u00fcrden, wenn uns Rechtswidrigkeiten bekannt werden.<\/p>\n<p>Wenn Ihnen rechtswidrige Links auf unserer Website auffallen, bitte wir Sie uns zu kontaktieren. Sie finden die Kontaktdaten im Impressum.<\/p>\n<h2>Urheberrechtshinweis<\/h2>\n<p>Alle Inhalte dieser Website (Step-by-Step zum Dr. med.), insbesondere Texte (inkl. Name), Grafiken (inkl. Logo), Ton- und Videomaterial, sind urheberrechtlich gesch\u00fctzt. Das Urheberrecht liegt, soweit nicht ausdr\u00fccklich anders gekennzeichnet, bei D\u00e9sir\u00e9e Schaumburg. Bitte fragen Sie mich, falls Sie die Inhalte dieses Internetangebotes verwenden m\u00f6chten. Unter der \u201eCreative Commons-Lizenz\u201c ver\u00f6ffentlichte Inhalte, sind als solche gekennzeichnet. Sie d\u00fcrfen entsprechend den angegebenen Lizenzbedingungen verwendet werden. Wer gegen das Urheberrecht verst\u00f6\u00dft (z.B. Bilder, Videos, Tonaufnahmen oder Texte unerlaubt kopiert), macht sich gem. \u00a7\u00a7 106 ff UrhG strafbar, wird zudem kostenpflichtig abgemahnt und muss Schadensersatz leisten (\u00a7 97 UrhG).<\/p>\n<h2>Bildernachweis<\/h2>\n<p>Die Bilder, Fotos und Grafiken auf dieser Webseite sind urheberrechtlich gesch\u00fctzt.<\/p>\n<p>Die Bilderrechte liegen bei den folgenden Fotografen und Unternehmen:<\/p>\n<ul>\n<li>Dr. med. D\u00e9sir\u00e9e<\/li>\n<li>Pixabay<\/li>\n<\/ul>\n<h2>Gestaltung &amp; Umsetzung der Webseite<\/h2>\n<p><a title=\"Steinicom - Steinicke Onlinemarketing\" href=\"https:\/\/www.steinicom.de\">Steinicom &#8211; Steinicke Onlinemarketing<\/a> &amp; <a title=\"wir-branden | Die Markenmacher\" href=\"https:\/\/wir-branden.de\/\">wir-branden | Die Markenmacher<\/a><\/p>\n<\/div><\/section>\n","protected":false},"excerpt":{"rendered":"","protected":false},"author":1,"featured_media":0,"parent":0,"menu_order":0,"comment_status":"closed","ping_status":"open","template":"","meta":{"footnotes":""},"class_list":["post-1941","page","type-page","status-publish","hentry"],"yoast_head":"<!-- This site is optimized with the Yoast SEO plugin v27.5 - https:\/\/yoast.com\/product\/yoast-seo-wordpress\/ -->\n<title>Imprint &quot; Legal \u25b7 New era doctor<\/title>\n<meta name=\"description\" content=\"Imprint and legal information - Neuzeit\u00e4rztin. We offer you: \u2705Imprint \u2705Legal information \u2705Holistic medicine\ud83d\udccdNew-age doctor in Potsdam\" \/>\n<meta name=\"robots\" content=\"index, follow, max-snippet:-1, max-image-preview:large, max-video-preview:-1\" \/>\n<link rel=\"canonical\" href=\"https:\/\/neuzeitaerztin.de\/en\/imprint\/\" \/>\n<meta property=\"og:locale\" content=\"en_US\" \/>\n<meta property=\"og:type\" content=\"article\" \/>\n<meta property=\"og:title\" content=\"Imprint &quot; Legal \u25b7 New era doctor\" \/>\n<meta property=\"og:description\" content=\"Imprint and legal information - Neuzeit\u00e4rztin. We offer you: \u2705Imprint \u2705Legal information \u2705Holistic medicine\ud83d\udccdNew-age doctor in Potsdam\" \/>\n<meta property=\"og:url\" content=\"https:\/\/neuzeitaerztin.de\/en\/imprint\/\" \/>\n<meta property=\"og:site_name\" content=\"Neuzeit\u00e4rztin\" \/>\n<meta property=\"article:modified_time\" content=\"2025-09-17T03:55:33+00:00\" \/>\n<meta property=\"og:image\" content=\"https:\/\/neuzeitaerztin.de\/wp-content\/uploads\/2024\/10\/neuzeitaerztin-logo.png\" \/>\n\t<meta property=\"og:image:width\" content=\"340\" \/>\n\t<meta property=\"og:image:height\" content=\"85\" \/>\n\t<meta property=\"og:image:type\" content=\"image\/png\" \/>\n<meta name=\"twitter:card\" content=\"summary_large_image\" \/>\n<meta name=\"twitter:label1\" content=\"Est. reading time\" \/>\n\t<meta name=\"twitter:data1\" content=\"3 minutes\" \/>\n<script type=\"application\/ld+json\" class=\"yoast-schema-graph\">{\"@context\":\"https:\\\/\\\/schema.org\",\"@graph\":[{\"@type\":\"WebPage\",\"@id\":\"https:\\\/\\\/neuzeitaerztin.de\\\/en\\\/imprint\\\/\",\"url\":\"https:\\\/\\\/neuzeitaerztin.de\\\/en\\\/imprint\\\/\",\"name\":\"Imprint \\\" Legal \u25b7 New era doctor\",\"isPartOf\":{\"@id\":\"https:\\\/\\\/neuzeitaerztin.de\\\/en\\\/#website\"},\"datePublished\":\"2024-11-10T20:21:55+00:00\",\"dateModified\":\"2025-09-17T03:55:33+00:00\",\"description\":\"Imprint and legal information - Neuzeit\u00e4rztin. We offer you: \u2705Imprint \u2705Legal information \u2705Holistic medicine\ud83d\udccdNew-age doctor in Potsdam\",\"breadcrumb\":{\"@id\":\"https:\\\/\\\/neuzeitaerztin.de\\\/en\\\/imprint\\\/#breadcrumb\"},\"inLanguage\":\"en-US\",\"potentialAction\":[{\"@type\":\"ReadAction\",\"target\":[\"https:\\\/\\\/neuzeitaerztin.de\\\/en\\\/imprint\\\/\"]}]},{\"@type\":\"BreadcrumbList\",\"@id\":\"https:\\\/\\\/neuzeitaerztin.de\\\/en\\\/imprint\\\/#breadcrumb\",\"itemListElement\":[{\"@type\":\"ListItem\",\"position\":1,\"name\":\"Neuzeit\u00e4rztin\",\"item\":\"https:\\\/\\\/neuzeitaerztin.de\\\/en\\\/home-page\\\/\"},{\"@type\":\"ListItem\",\"position\":2,\"name\":\"Imprint\"}]},{\"@type\":\"WebSite\",\"@id\":\"https:\\\/\\\/neuzeitaerztin.de\\\/en\\\/#website\",\"url\":\"https:\\\/\\\/neuzeitaerztin.de\\\/en\\\/\",\"name\":\"Neuzeit\u00e4rztin\",\"description\":\"\",\"publisher\":{\"@id\":\"https:\\\/\\\/neuzeitaerztin.de\\\/en\\\/#organization\"},\"potentialAction\":[{\"@type\":\"SearchAction\",\"target\":{\"@type\":\"EntryPoint\",\"urlTemplate\":\"https:\\\/\\\/neuzeitaerztin.de\\\/en\\\/?s={search_term_string}\"},\"query-input\":{\"@type\":\"PropertyValueSpecification\",\"valueRequired\":true,\"valueName\":\"search_term_string\"}}],\"inLanguage\":\"en-US\"},{\"@type\":\"Organization\",\"@id\":\"https:\\\/\\\/neuzeitaerztin.de\\\/en\\\/#organization\",\"name\":\"Neizeit\u00e4rztin\",\"url\":\"https:\\\/\\\/neuzeitaerztin.de\\\/en\\\/\",\"logo\":{\"@type\":\"ImageObject\",\"inLanguage\":\"en-US\",\"@id\":\"https:\\\/\\\/neuzeitaerztin.de\\\/en\\\/#\\\/schema\\\/logo\\\/image\\\/\",\"url\":\"https:\\\/\\\/neuzeitaerztin.de\\\/wp-content\\\/uploads\\\/2024\\\/10\\\/neuzeitaerztin-logo.png\",\"contentUrl\":\"https:\\\/\\\/neuzeitaerztin.de\\\/wp-content\\\/uploads\\\/2024\\\/10\\\/neuzeitaerztin-logo.png\",\"width\":340,\"height\":85,\"caption\":\"Neizeit\u00e4rztin\"},\"image\":{\"@id\":\"https:\\\/\\\/neuzeitaerztin.de\\\/en\\\/#\\\/schema\\\/logo\\\/image\\\/\"},\"sameAs\":[\"https:\\\/\\\/www.instagram.com\\\/neuzeitaerztin\"]}]}<\/script>\n<!-- \/ Yoast SEO plugin. -->","yoast_head_json":{"title":"Imprint \" Legal \u25b7 New era doctor","description":"Imprint and legal information - Neuzeit\u00e4rztin. We offer you: \u2705Imprint \u2705Legal information \u2705Holistic medicine\ud83d\udccdNew-age doctor in Potsdam","robots":{"index":"index","follow":"follow","max-snippet":"max-snippet:-1","max-image-preview":"max-image-preview:large","max-video-preview":"max-video-preview:-1"},"canonical":"https:\/\/neuzeitaerztin.de\/en\/imprint\/","og_locale":"en_US","og_type":"article","og_title":"Imprint \" Legal \u25b7 New era doctor","og_description":"Imprint and legal information - Neuzeit\u00e4rztin. We offer you: \u2705Imprint \u2705Legal information \u2705Holistic medicine\ud83d\udccdNew-age doctor in Potsdam","og_url":"https:\/\/neuzeitaerztin.de\/en\/imprint\/","og_site_name":"Neuzeit\u00e4rztin","article_modified_time":"2025-09-17T03:55:33+00:00","og_image":[{"width":340,"height":85,"url":"https:\/\/neuzeitaerztin.de\/wp-content\/uploads\/2024\/10\/neuzeitaerztin-logo.png","type":"image\/png"}],"twitter_card":"summary_large_image","twitter_misc":{"Est. reading time":"3 minutes"},"schema":{"@context":"https:\/\/schema.org","@graph":[{"@type":"WebPage","@id":"https:\/\/neuzeitaerztin.de\/en\/imprint\/","url":"https:\/\/neuzeitaerztin.de\/en\/imprint\/","name":"Imprint \" Legal \u25b7 New era doctor","isPartOf":{"@id":"https:\/\/neuzeitaerztin.de\/en\/#website"},"datePublished":"2024-11-10T20:21:55+00:00","dateModified":"2025-09-17T03:55:33+00:00","description":"Imprint and legal information - Neuzeit\u00e4rztin. We offer you: \u2705Imprint \u2705Legal information \u2705Holistic medicine\ud83d\udccdNew-age doctor in Potsdam","breadcrumb":{"@id":"https:\/\/neuzeitaerztin.de\/en\/imprint\/#breadcrumb"},"inLanguage":"en-US","potentialAction":[{"@type":"ReadAction","target":["https:\/\/neuzeitaerztin.de\/en\/imprint\/"]}]},{"@type":"BreadcrumbList","@id":"https:\/\/neuzeitaerztin.de\/en\/imprint\/#breadcrumb","itemListElement":[{"@type":"ListItem","position":1,"name":"Neuzeit\u00e4rztin","item":"https:\/\/neuzeitaerztin.de\/en\/home-page\/"},{"@type":"ListItem","position":2,"name":"Imprint"}]},{"@type":"WebSite","@id":"https:\/\/neuzeitaerztin.de\/en\/#website","url":"https:\/\/neuzeitaerztin.de\/en\/","name":"Neuzeit\u00e4rztin","description":"","publisher":{"@id":"https:\/\/neuzeitaerztin.de\/en\/#organization"},"potentialAction":[{"@type":"SearchAction","target":{"@type":"EntryPoint","urlTemplate":"https:\/\/neuzeitaerztin.de\/en\/?s={search_term_string}"},"query-input":{"@type":"PropertyValueSpecification","valueRequired":true,"valueName":"search_term_string"}}],"inLanguage":"en-US"},{"@type":"Organization","@id":"https:\/\/neuzeitaerztin.de\/en\/#organization","name":"Neizeit\u00e4rztin","url":"https:\/\/neuzeitaerztin.de\/en\/","logo":{"@type":"ImageObject","inLanguage":"en-US","@id":"https:\/\/neuzeitaerztin.de\/en\/#\/schema\/logo\/image\/","url":"https:\/\/neuzeitaerztin.de\/wp-content\/uploads\/2024\/10\/neuzeitaerztin-logo.png","contentUrl":"https:\/\/neuzeitaerztin.de\/wp-content\/uploads\/2024\/10\/neuzeitaerztin-logo.png","width":340,"height":85,"caption":"Neizeit\u00e4rztin"},"image":{"@id":"https:\/\/neuzeitaerztin.de\/en\/#\/schema\/logo\/image\/"},"sameAs":["https:\/\/www.instagram.com\/neuzeitaerztin"]}]}},"_links":{"self":[{"href":"https:\/\/neuzeitaerztin.de\/en\/wp-json\/wp\/v2\/pages\/1941","targetHints":{"allow":["GET"]}}],"collection":[{"href":"https:\/\/neuzeitaerztin.de\/en\/wp-json\/wp\/v2\/pages"}],"about":[{"href":"https:\/\/neuzeitaerztin.de\/en\/wp-json\/wp\/v2\/types\/page"}],"author":[{"embeddable":true,"href":"https:\/\/neuzeitaerztin.de\/en\/wp-json\/wp\/v2\/users\/1"}],"replies":[{"embeddable":true,"href":"https:\/\/neuzeitaerztin.de\/en\/wp-json\/wp\/v2\/comments?post=1941"}],"version-history":[{"count":4,"href":"https:\/\/neuzeitaerztin.de\/en\/wp-json\/wp\/v2\/pages\/1941\/revisions"}],"predecessor-version":[{"id":2241,"href":"https:\/\/neuzeitaerztin.de\/en\/wp-json\/wp\/v2\/pages\/1941\/revisions\/2241"}],"wp:attachment":[{"href":"https:\/\/neuzeitaerztin.de\/en\/wp-json\/wp\/v2\/media?parent=1941"}],"curies":[{"name":"wp","href":"https:\/\/api.w.org\/{rel}","templated":true}]}}